{"id":6127,"date":"2026-03-30T12:50:24","date_gmt":"2026-03-30T12:50:24","guid":{"rendered":"https:\/\/kaizenimmo.be\/?page_id=6127"},"modified":"2026-03-30T12:54:01","modified_gmt":"2026-03-30T12:54:01","slug":"biens-espagne","status":"publish","type":"page","link":"https:\/\/kaizenimmo.be\/?page_id=6127","title":{"rendered":"Nos biens en Espagne"},"content":{"rendered":"\t\t<div data-elementor-type=\"wp-page\" data-elementor-id=\"6127\" class=\"elementor elementor-6127\">\n\t\t\t\t<div class=\"elementor-element elementor-element-32ed3d1 e-flex e-con-boxed e-con e-parent\" data-id=\"32ed3d1\" data-element_type=\"container\" data-e-type=\"container\" data-settings=\"{&quot;background_background&quot;:&quot;classic&quot;}\">\n\t\t\t\t\t<div class=\"e-con-inner\">\n\t\t\t\t<div class=\"elementor-element elementor-element-db75fed elementor-widget elementor-widget-text-editor\" data-id=\"db75fed\" data-element_type=\"widget\" data-e-type=\"widget\" data-widget_type=\"text-editor.default\">\n\t\t\t\t<div class=\"elementor-widget-container\">\n\t\t\t\t\t\t\t\t\t<p>Votre maison de r\u00eave en Espagne vous attend.<\/p><p>Sur la <b>Costa Blanca<\/b> et la <b>Costa C\u00e1lida<\/b>, nous vous proposons des biens rigoureusement s\u00e9lectionn\u00e9s, choisis pour leur qualit\u00e9, leur emplacement et leur potentiel.<\/p><p>Notre mission : <b>vous accompagner de A \u00e0 Z<\/b>, en toute <b>transparence<\/b> et <b>s\u00e9r\u00e9nit\u00e9.<\/b><b><\/b><\/p><p>D\u00e8s le d\u00e9part, nous prenons le temps d\u2019analyser vos besoins, vos envies et votre budget afin de vous proposer uniquement des biens parfaitement adapt\u00e9s. Nous assurons une pr\u00e9s\u00e9lection cibl\u00e9e et organisons vos visites sur place pour une exp\u00e9rience fluide et efficace.<\/p><p>Mais notre accompagnement ne s\u2019arr\u00eate pas l\u00e0. <b>Nous vous guidons \u00e0 chaque \u00e9tape du processus d\u2019achat, avec un suivi personnalis\u00e9 et des conseils clairs.<\/b><\/p><p>Afin de vous garantir une transaction en toute s\u00e9curit\u00e9, nous travaillons avec un <b>r\u00e9seau d\u2019avocats et de notaires sp\u00e9cialis\u00e9s en Espagne<\/b>. Chaque aspect juridique est v\u00e9rifi\u00e9 avec soin : analyse compl\u00e8te du bien, r\u00e9daction et validation des contrats, accompagnement lors de la signature chez le notaire et suivi administratif jusqu\u2019\u00e0 la remise des cl\u00e9s.<\/p><p>Concr\u00e8tement, il vous suffit de nous envoyer le <b>formulaire de contact<\/b> afin que nous puissions vous rappeler et \u00e9changer ensemble sur votre projet.<\/p><p>Une premi\u00e8re \u00e9tape vous permet de b\u00e9n\u00e9ficier d\u2019une <b>visioconf\u00e9rence<\/b> <b>avec une avocate fran\u00e7aise install\u00e9e sur place depuis plus de 20 ans<\/b>. Elle vous explique en d\u00e9tail la <b>proc\u00e9dure<\/b> d\u2019achat, les <b>frais \u00e0 pr\u00e9voir<\/b> (notaire, enregistrement, etc.), ainsi que les <b>aspects fiscaux et juridiques<\/b>, afin que vous avanciez en toute connaissance.<\/p><p>Si vous souhaitez aller plus loin, nous organisons pour vous un s\u00e9jour de visites sur place. Sur base de votre s\u00e9lection \u2014 avec notre aide si n\u00e9cessaire \u2014 notre agent immobilier vous accompagne pendant <b>3 jours intensifs, incluant les visites, les d\u00e9placements et l\u2019organisation sur place pour une exp\u00e9rience cl\u00e9 en main.<\/b><b><\/b><\/p><p>Une fois votre bien de r\u00eave trouv\u00e9, nous vous accompagnons jusqu\u2019\u00e0 la signature de l\u2019acte notari\u00e9.<\/p><p>Vous souhaitez acheter un bien immobilier neuf en Espagne, sur la Costa Blanca ou la Costa C\u00e1lida ? Faites confiance \u00e0 un <b>agent immobilier belge agr\u00e9\u00e9 en Espagne<\/b>.<\/p><p><b>Contactez KAIZEN IMMO et concr\u00e9tisez votre projet en toute confiance.<\/b><\/p>\t\t\t\t\t\t\t\t<\/div>\n\t\t\t\t<\/div>\n\t\t\t\t\t<\/div>\n\t\t\t\t<\/div>\n\t\t<div class=\"elementor-element elementor-element-623f7ee e-flex e-con-boxed e-con e-parent\" data-id=\"623f7ee\" data-element_type=\"container\" data-e-type=\"container\">\n\t\t\t\t\t<div class=\"e-con-inner\">\n\t\t\t\t<div class=\"elementor-element elementor-element-d0573ea elementor-align-center elementor-widget elementor-widget-button\" data-id=\"d0573ea\" data-element_type=\"widget\" data-e-type=\"widget\" data-widget_type=\"button.default\">\n\t\t\t\t<div class=\"elementor-widget-container\">\n\t\t\t\t\t\t\t\t\t<div class=\"elementor-button-wrapper\">\n\t\t\t\t\t<a class=\"elementor-button elementor-button-link elementor-size-sm\" href=\"https:\/\/marycasa.be\/partners\/kaizen-immo\/catalog\">\n\t\t\t\t\t\t<span class=\"elementor-button-content-wrapper\">\n\t\t\t\t\t\t\t\t\t<span class=\"elementor-button-text\">Nos biens en Espagne<\/span>\n\t\t\t\t\t<\/span>\n\t\t\t\t\t<\/a>\n\t\t\t\t<\/div>\n\t\t\t\t\t\t\t\t<\/div>\n\t\t\t\t<\/div>\n\t\t\t\t\t<\/div>\n\t\t\t\t<\/div>\n\t\t\t\t<\/div>\n\t\t","protected":false},"excerpt":{"rendered":"<p>Votre maison de r\u00eave en Espagne vous attend. Sur la Costa Blanca et la Costa C\u00e1lida, nous vous proposons des biens rigoureusement s\u00e9lectionn\u00e9s, choisis pour leur qualit\u00e9, leur emplacement et leur potentiel. Notre mission : vous accompagner de A \u00e0 Z, en toute transparence et s\u00e9r\u00e9nit\u00e9. D\u00e8s le d\u00e9part, nous prenons le temps d\u2019analyser vos&#8230;<\/p>\n","protected":false},"author":1,"featured_media":0,"parent":0,"menu_order":0,"comment_status":"closed","ping_status":"closed","template":"templates\/agencies-list.php","meta":{"footnotes":""},"class_list":["post-6127","page","type-page","status-publish","hentry"],"_links":{"self":[{"href":"https:\/\/kaizenimmo.be\/index.php?rest_route=\/wp\/v2\/pages\/6127","targetHints":{"allow":["GET"]}}],"collection":[{"href":"https:\/\/kaizenimmo.be\/index.php?rest_route=\/wp\/v2\/pages"}],"about":[{"href":"https:\/\/kaizenimmo.be\/index.php?rest_route=\/wp\/v2\/types\/page"}],"author":[{"embeddable":true,"href":"https:\/\/kaizenimmo.be\/index.php?rest_route=\/wp\/v2\/users\/1"}],"replies":[{"embeddable":true,"href":"https:\/\/kaizenimmo.be\/index.php?rest_route=%2Fwp%2Fv2%2Fcomments&post=6127"}],"version-history":[{"count":7,"href":"https:\/\/kaizenimmo.be\/index.php?rest_route=\/wp\/v2\/pages\/6127\/revisions"}],"predecessor-version":[{"id":6134,"href":"https:\/\/kaizenimmo.be\/index.php?rest_route=\/wp\/v2\/pages\/6127\/revisions\/6134"}],"wp:attachment":[{"href":"https:\/\/kaizenimmo.be\/index.php?rest_route=%2Fwp%2Fv2%2Fmedia&parent=6127"}],"curies":[{"name":"wp","href":"https:\/\/api.w.org\/{rel}","templated":true}]}}